{"id":37,"date":"2024-10-19T12:01:55","date_gmt":"2024-10-19T12:01:55","guid":{"rendered":"https:\/\/fenyesertekeink.hu\/?page_id=37"},"modified":"2024-10-19T13:42:51","modified_gmt":"2024-10-19T13:42:51","slug":"hungaricum-ertektar","status":"publish","type":"page","link":"https:\/\/fenyesertekeink.hu\/?page_id=37","title":{"rendered":"Hungarikum \u00e9rt\u00e9kt\u00e1r"},"content":{"rendered":"\n<p><\/p>\n\n\n\n<p><strong>Hungarikum &#8211; A s\u00e1toralja\u00fajhelyi g\u00f6r\u00f6gkatolikus templom ikonoszt\u00e1zionja<\/strong><\/p>\n\n\n\n<figure class=\"wp-block-embed is-type-video is-provider-youtube wp-block-embed-youtube wp-embed-aspect-16-9 wp-has-aspect-ratio\"><div class=\"wp-block-embed__wrapper\">\n<iframe loading=\"lazy\" title=\"Hungarikum - A s\u00e1toralja\u00fajhelyi g\u00f6r\u00f6gkatolikus templom ikonoszt\u00e1zionja\" width=\"604\" height=\"340\" src=\"https:\/\/www.youtube.com\/embed\/JAwzdz4IbBo?list=PLuDCCXwKpqt1lRCFIBHESyoFd0g24SEfe\" frameborder=\"0\" allow=\"accelerometer; autoplay; clipboard-write; encrypted-media; gyroscope; picture-in-picture; web-share\" referrerpolicy=\"strict-origin-when-cross-origin\" allowfullscreen><\/iframe>\n<\/div><\/figure>\n\n\n\n<p><\/p>\n\n\n\n<p><\/p>\n\n\n\n<p><strong>Hungarikum &#8211; A s\u00e1toralja\u00fajhelyi iv\u00f3v\u00edzb\u00e1zis<\/strong><\/p>\n\n\n\n<figure class=\"wp-block-embed is-type-video is-provider-youtube wp-block-embed-youtube wp-embed-aspect-16-9 wp-has-aspect-ratio\"><div class=\"wp-block-embed__wrapper\">\n<iframe loading=\"lazy\" title=\"Hungarikum - A s\u00e1toralja\u00fajhelyi iv\u00f3v\u00edzb\u00e1zis\" width=\"604\" height=\"340\" src=\"https:\/\/www.youtube.com\/embed\/L8Io2NL5EzM?list=PLuDCCXwKpqt1lRCFIBHESyoFd0g24SEfe\" frameborder=\"0\" allow=\"accelerometer; autoplay; clipboard-write; encrypted-media; gyroscope; picture-in-picture; web-share\" referrerpolicy=\"strict-origin-when-cross-origin\" allowfullscreen><\/iframe>\n<\/div><\/figure>\n\n\n\n<p><\/p>\n\n\n\n<p><\/p>\n\n\n\n<p><strong>Hungarikum &#8211; A S\u00e1toralja\u00fajhelyi Doh\u00e1nygy\u00e1ri F\u00fav\u00f3szenekar<\/strong><\/p>\n\n\n\n<figure class=\"wp-block-embed is-type-video is-provider-youtube wp-block-embed-youtube wp-embed-aspect-16-9 wp-has-aspect-ratio\"><div class=\"wp-block-embed__wrapper\">\n<iframe loading=\"lazy\" title=\"Hungarikum - A S\u00e1toralja\u00fajhelyi Doh\u00e1nygy\u00e1ri F\u00fav\u00f3szenekar\" width=\"604\" height=\"340\" src=\"https:\/\/www.youtube.com\/embed\/JOYMaFo40Vk?list=PLuDCCXwKpqt1lRCFIBHESyoFd0g24SEfe\" frameborder=\"0\" allow=\"accelerometer; autoplay; clipboard-write; encrypted-media; gyroscope; picture-in-picture; web-share\" referrerpolicy=\"strict-origin-when-cross-origin\" allowfullscreen><\/iframe>\n<\/div><\/figure>\n\n\n\n<p><\/p>\n\n\n\n<p><\/p>\n\n\n\n<p><strong>Hungarikum &#8211; A 700 \u00e9ves D\u00f6rzsik-forr\u00e1srendszer \u00e9s a N\u00edmf\u00e1s iv\u00f3k\u00fat S\u00e1toralja\u00fajhelyen<\/strong><\/p>\n\n\n\n<figure class=\"wp-block-embed is-type-video is-provider-youtube wp-block-embed-youtube wp-embed-aspect-16-9 wp-has-aspect-ratio\"><div class=\"wp-block-embed__wrapper\">\n<iframe loading=\"lazy\" title=\"Hungarikum - A 700 \u00e9ves D\u00f6rzsik-forr\u00e1srendszer \u00e9s a N\u00edmf\u00e1s iv\u00f3k\u00fat S\u00e1toralja\u00fajhelyen\" width=\"604\" height=\"340\" src=\"https:\/\/www.youtube.com\/embed\/iBQGmzXF5iU?list=PLuDCCXwKpqt1lRCFIBHESyoFd0g24SEfe\" frameborder=\"0\" allow=\"accelerometer; autoplay; clipboard-write; encrypted-media; gyroscope; picture-in-picture; web-share\" referrerpolicy=\"strict-origin-when-cross-origin\" allowfullscreen><\/iframe>\n<\/div><\/figure>\n\n\n\n<p><\/p>\n\n\n\n<p><\/p>\n\n\n\n<p><strong>Hungarikum &#8211; A s\u00e1toralja\u00fajhelyi Lavotta Kamarazenekar<\/strong><\/p>\n\n\n\n<figure class=\"wp-block-embed is-type-video is-provider-youtube wp-block-embed-youtube wp-embed-aspect-16-9 wp-has-aspect-ratio\"><div class=\"wp-block-embed__wrapper\">\n<iframe loading=\"lazy\" title=\"Hungarikum - A s\u00e1toralja\u00fajhelyi Lavotta Kamarazenekar\" width=\"604\" height=\"340\" src=\"https:\/\/www.youtube.com\/embed\/PBeaux3XbI0?list=PLuDCCXwKpqt1lRCFIBHESyoFd0g24SEfe\" frameborder=\"0\" allow=\"accelerometer; autoplay; clipboard-write; encrypted-media; gyroscope; picture-in-picture; web-share\" referrerpolicy=\"strict-origin-when-cross-origin\" allowfullscreen><\/iframe>\n<\/div><\/figure>\n\n\n\n<p><\/p>\n\n\n\n<p><\/p>\n\n\n\n<p><strong>Hungarikum &#8211; A s\u00e1toralja\u00fajhelyi v\u00e1r<\/strong><\/p>\n\n\n\n<figure class=\"wp-block-embed is-type-video is-provider-youtube wp-block-embed-youtube wp-embed-aspect-16-9 wp-has-aspect-ratio\"><div class=\"wp-block-embed__wrapper\">\n<iframe loading=\"lazy\" title=\"Hungarikum - A s\u00e1toralja\u00fajhelyi v\u00e1r\" width=\"604\" height=\"340\" src=\"https:\/\/www.youtube.com\/embed\/XSozagrUruA?list=PLuDCCXwKpqt1lRCFIBHESyoFd0g24SEfe\" frameborder=\"0\" allow=\"accelerometer; autoplay; clipboard-write; encrypted-media; gyroscope; picture-in-picture; web-share\" referrerpolicy=\"strict-origin-when-cross-origin\" allowfullscreen><\/iframe>\n<\/div><\/figure>\n\n\n\n<p><\/p>\n\n\n\n<p><\/p>\n\n\n\n<p><strong>Hungarikum &#8211; Zempl\u00e9n Kalandpark<\/strong><\/p>\n\n\n\n<figure class=\"wp-block-embed is-type-video is-provider-youtube wp-block-embed-youtube wp-embed-aspect-16-9 wp-has-aspect-ratio\"><div class=\"wp-block-embed__wrapper\">\n<iframe loading=\"lazy\" title=\"Hungarikum - Zempl\u00e9n Kalandpark\" width=\"604\" height=\"340\" src=\"https:\/\/www.youtube.com\/embed\/Xn8x8bvB-yc?list=PLuDCCXwKpqt1lRCFIBHESyoFd0g24SEfe\" frameborder=\"0\" allow=\"accelerometer; autoplay; clipboard-write; encrypted-media; gyroscope; picture-in-picture; web-share\" referrerpolicy=\"strict-origin-when-cross-origin\" allowfullscreen><\/iframe>\n<\/div><\/figure>\n\n\n\n<p><\/p>\n\n\n\n<p><\/p>\n\n\n\n<p><strong>Hungarikum &#8211; A s\u00e1toralja\u00fajhelyi Magyar K\u00e1lv\u00e1ria<\/strong><\/p>\n\n\n\n<figure class=\"wp-block-embed is-type-video is-provider-youtube wp-block-embed-youtube wp-embed-aspect-16-9 wp-has-aspect-ratio\"><div class=\"wp-block-embed__wrapper\">\n<iframe loading=\"lazy\" title=\"Hungarikum - A s\u00e1toralja\u00fajhelyi Magyar K\u00e1lv\u00e1ria\" width=\"604\" height=\"340\" src=\"https:\/\/www.youtube.com\/embed\/dYNd24yZnyc?list=PLuDCCXwKpqt1lRCFIBHESyoFd0g24SEfe\" frameborder=\"0\" allow=\"accelerometer; autoplay; clipboard-write; encrypted-media; gyroscope; picture-in-picture; web-share\" referrerpolicy=\"strict-origin-when-cross-origin\" allowfullscreen><\/iframe>\n<\/div><\/figure>\n\n\n\n<p><\/p>\n\n\n\n<p><\/p>\n\n\n\n<p><strong>Hungarikum &#8211; A s\u00e1toralja\u00fajhelyi s\u00edsport<\/strong><\/p>\n\n\n\n<figure class=\"wp-block-embed is-type-video is-provider-youtube wp-block-embed-youtube wp-embed-aspect-16-9 wp-has-aspect-ratio\"><div class=\"wp-block-embed__wrapper\">\n<iframe loading=\"lazy\" title=\"Hungarikum - A s\u00e1toralja\u00fajhelyi s\u00edsport\" width=\"604\" height=\"340\" src=\"https:\/\/www.youtube.com\/embed\/A_SzhRwrV00?list=PLuDCCXwKpqt1lRCFIBHESyoFd0g24SEfe\" frameborder=\"0\" allow=\"accelerometer; autoplay; clipboard-write; encrypted-media; gyroscope; picture-in-picture; web-share\" referrerpolicy=\"strict-origin-when-cross-origin\" allowfullscreen><\/iframe>\n<\/div><\/figure>\n\n\n\n<p><\/p>\n\n\n\n<p><\/p>\n\n\n\n<p><strong>Hungarikum &#8211; A s\u00e1toralja\u00fajhelyi Aranyb\u00e1nya<\/strong><\/p>\n\n\n\n<figure class=\"wp-block-embed is-type-video is-provider-youtube wp-block-embed-youtube wp-embed-aspect-16-9 wp-has-aspect-ratio\"><div class=\"wp-block-embed__wrapper\">\n<iframe loading=\"lazy\" title=\"Hungarikum - A s\u00e1toralja\u00fajhelyi Aranyb\u00e1nya\" width=\"604\" height=\"340\" src=\"https:\/\/www.youtube.com\/embed\/is78QnmBwBM?list=PLuDCCXwKpqt1lRCFIBHESyoFd0g24SEfe\" frameborder=\"0\" allow=\"accelerometer; autoplay; clipboard-write; encrypted-media; gyroscope; picture-in-picture; web-share\" referrerpolicy=\"strict-origin-when-cross-origin\" allowfullscreen><\/iframe>\n<\/div><\/figure>\n\n\n\n<p><\/p>\n\n\n\n<p><\/p>\n\n\n\n<p><strong>Hungarikum &#8211; A s\u00e1toralja\u00fajhelyi H\u0151s\u00f6k Temet\u0151je<\/strong><\/p>\n\n\n\n<figure class=\"wp-block-embed is-type-video is-provider-youtube wp-block-embed-youtube wp-embed-aspect-16-9 wp-has-aspect-ratio\"><div class=\"wp-block-embed__wrapper\">\n<iframe loading=\"lazy\" title=\"Hungarikum - A s\u00e1toralja\u00fajhelyi H\u0151s\u00f6k Temet\u0151je\" width=\"604\" height=\"340\" src=\"https:\/\/www.youtube.com\/embed\/oQWUaU2VYRc?list=PLuDCCXwKpqt1lRCFIBHESyoFd0g24SEfe\" frameborder=\"0\" allow=\"accelerometer; autoplay; clipboard-write; encrypted-media; gyroscope; picture-in-picture; web-share\" referrerpolicy=\"strict-origin-when-cross-origin\" allowfullscreen><\/iframe>\n<\/div><\/figure>\n\n\n\n<p><\/p>\n\n\n\n<p><\/p>\n\n\n\n<p><strong>Hungarikum &#8211; Kossuth \u00fati izraelita kegyeleti park<\/strong><\/p>\n\n\n\n<figure class=\"wp-block-embed is-type-video is-provider-youtube wp-block-embed-youtube wp-embed-aspect-16-9 wp-has-aspect-ratio\"><div class=\"wp-block-embed__wrapper\">\n<iframe loading=\"lazy\" title=\"Hungarikum - Kossuth \u00fati izraelita kegyeleti park\" width=\"604\" height=\"340\" src=\"https:\/\/www.youtube.com\/embed\/N_cXVYSOp34?list=PLuDCCXwKpqt1lRCFIBHESyoFd0g24SEfe\" frameborder=\"0\" allow=\"accelerometer; autoplay; clipboard-write; encrypted-media; gyroscope; picture-in-picture; web-share\" referrerpolicy=\"strict-origin-when-cross-origin\" allowfullscreen><\/iframe>\n<\/div><\/figure>\n\n\n\n<p><\/p>\n\n\n\n<p><\/p>\n\n\n\n<p><strong>Hungarikum &#8211; A s\u00e1toralja\u00fajhelyi P\u00e1los-piarista templom<\/strong><\/p>\n\n\n\n<figure class=\"wp-block-embed is-type-video is-provider-youtube wp-block-embed-youtube wp-embed-aspect-16-9 wp-has-aspect-ratio\"><div class=\"wp-block-embed__wrapper\">\n<iframe loading=\"lazy\" title=\"Hungarikum - A s\u00e1toralja\u00fajhelyi P\u00e1los-piarista templom\" width=\"604\" height=\"340\" src=\"https:\/\/www.youtube.com\/embed\/DJ9qMWQyo8M?list=PLuDCCXwKpqt1lRCFIBHESyoFd0g24SEfe\" frameborder=\"0\" allow=\"accelerometer; autoplay; clipboard-write; encrypted-media; gyroscope; picture-in-picture; web-share\" referrerpolicy=\"strict-origin-when-cross-origin\" allowfullscreen><\/iframe>\n<\/div><\/figure>\n\n\n\n<p><\/p>\n\n\n\n<p><\/p>\n\n\n\n<p><strong>Hungarikum &#8211; S\u00e1toralja\u00fajhelyi Doh\u00e1nygy\u00e1r<\/strong><\/p>\n\n\n\n<figure class=\"wp-block-embed is-type-video is-provider-youtube wp-block-embed-youtube wp-embed-aspect-16-9 wp-has-aspect-ratio\"><div class=\"wp-block-embed__wrapper\">\n<iframe loading=\"lazy\" title=\"Hungarikum - S\u00e1toralja\u00fajhelyi Doh\u00e1nygy\u00e1r\" width=\"604\" height=\"340\" src=\"https:\/\/www.youtube.com\/embed\/WF8Orm9FBXg?list=PLuDCCXwKpqt1lRCFIBHESyoFd0g24SEfe\" frameborder=\"0\" allow=\"accelerometer; autoplay; clipboard-write; encrypted-media; gyroscope; picture-in-picture; web-share\" referrerpolicy=\"strict-origin-when-cross-origin\" allowfullscreen><\/iframe>\n<\/div><\/figure>\n\n\n\n<p><\/p>\n\n\n\n<p><\/p>\n\n\n\n<p><strong>Hungarikum &#8211; K\u00e1rolyfalvi sv\u00e1b szalonna<\/strong><\/p>\n\n\n\n<figure class=\"wp-block-embed is-type-video is-provider-youtube wp-block-embed-youtube wp-embed-aspect-16-9 wp-has-aspect-ratio\"><div class=\"wp-block-embed__wrapper\">\n<iframe loading=\"lazy\" title=\"Hungarikum - K\u00e1rolyfalvi sv\u00e1b szalonna\" width=\"604\" height=\"340\" src=\"https:\/\/www.youtube.com\/embed\/jAIQiW_bRoU?list=PLuDCCXwKpqt1lRCFIBHESyoFd0g24SEfe\" frameborder=\"0\" allow=\"accelerometer; autoplay; clipboard-write; encrypted-media; gyroscope; picture-in-picture; web-share\" referrerpolicy=\"strict-origin-when-cross-origin\" allowfullscreen><\/iframe>\n<\/div><\/figure>\n","protected":false},"excerpt":{"rendered":"<p>Hungarikum &#8211; A s\u00e1toralja\u00fajhelyi g\u00f6r\u00f6gkatolikus templom ikonoszt\u00e1zionja Hungarikum &#8211; A s\u00e1toralja\u00fajhelyi iv\u00f3v\u00edzb\u00e1zis Hungarikum &#8211; A S\u00e1toralja\u00fajhelyi Doh\u00e1nygy\u00e1ri F\u00fav\u00f3szenekar Hungarikum &#8211; A 700 \u00e9ves D\u00f6rzsik-forr\u00e1srendszer \u00e9s a N\u00edmf\u00e1s iv\u00f3k\u00fat S\u00e1toralja\u00fajhelyen Hungarikum &#8211; A s\u00e1toralja\u00fajhelyi Lavotta Kamarazenekar Hungarikum &#8211; A s\u00e1toralja\u00fajhelyi v\u00e1r Hungarikum &#8211; Zempl\u00e9n Kalandpark Hungarikum &#8211; A s\u00e1toralja\u00fajhelyi Magyar K\u00e1lv\u00e1ria Hungarikum &#8211; A s\u00e1toralja\u00fajhelyi s\u00edsport &hellip; <a href=\"https:\/\/fenyesertekeink.hu\/?page_id=37\" class=\"more-link\"><span class=\"screen-reader-text\">Hungarikum \u00e9rt\u00e9kt\u00e1r<\/span> b\u0151vebben&#8230; <span class=\"meta-nav\">&rarr;<\/span><\/a><\/p>\n","protected":false},"author":1,"featured_media":0,"parent":0,"menu_order":0,"comment_status":"closed","ping_status":"closed","template":"","meta":{"footnotes":""},"class_list":["post-37","page","type-page","status-publish","hentry"],"_links":{"self":[{"href":"https:\/\/fenyesertekeink.hu\/index.php?rest_route=\/wp\/v2\/pages\/37","targetHints":{"allow":["GET"]}}],"collection":[{"href":"https:\/\/fenyesertekeink.hu\/index.php?rest_route=\/wp\/v2\/pages"}],"about":[{"href":"https:\/\/fenyesertekeink.hu\/index.php?rest_route=\/wp\/v2\/types\/page"}],"author":[{"embeddable":true,"href":"https:\/\/fenyesertekeink.hu\/index.php?rest_route=\/wp\/v2\/users\/1"}],"replies":[{"embeddable":true,"href":"https:\/\/fenyesertekeink.hu\/index.php?rest_route=%2Fwp%2Fv2%2Fcomments&post=37"}],"version-history":[{"count":5,"href":"https:\/\/fenyesertekeink.hu\/index.php?rest_route=\/wp\/v2\/pages\/37\/revisions"}],"predecessor-version":[{"id":42,"href":"https:\/\/fenyesertekeink.hu\/index.php?rest_route=\/wp\/v2\/pages\/37\/revisions\/42"}],"wp:attachment":[{"href":"https:\/\/fenyesertekeink.hu\/index.php?rest_route=%2Fwp%2Fv2%2Fmedia&parent=37"}],"curies":[{"name":"wp","href":"https:\/\/api.w.org\/{rel}","templated":true}]}}