{"id":2,"date":"2024-10-16T07:42:25","date_gmt":"2024-10-16T07:42:25","guid":{"rendered":"https:\/\/fenyesertekeink.hu\/?page_id=2"},"modified":"2024-10-19T11:58:41","modified_gmt":"2024-10-19T11:58:41","slug":"sample-page","status":"publish","type":"page","link":"https:\/\/fenyesertekeink.hu\/?page_id=2","title":{"rendered":"F\u00e9nyes \u00e9rt\u00e9keink &#8211; \u00c9rt\u00e9kt\u00e1r"},"content":{"rendered":"\n<p><\/p>\n\n\n\n<p><\/p>\n\n\n\n<p><strong>Bortemplom-Magyar Kir\u00e1lyi \u00c1llami K\u00f6zpince<\/strong><br>Az \u00e9p\u00fclet bemutat\u00e1sa a Telep\u00fcl\u00e9si \u00c9rt\u00e9kt\u00e1rban szerepl\u0151 adatok \u00e9s a v\u00e1rosban \u00e9l\u0151 t\u00f6rt\u00e9n\u00e9szek, a v\u00e1rosi f\u0151\u00e9p\u00edt\u00e9sz r\u00e9sz\u00e9r\u0151l az \u00e9p\u00fclet eredeti tervrajza, valamint a telep\u00fcl\u00e9sen \u00e9l\u0151 hagyom\u00e1ny  \u00fatj\u00e1n megmaradt elbesz\u00e9l\u00e9sek, besz\u00e1mol\u00f3ja alapj\u00e1n t\u00f6rt\u00e9nt. A m\u00faltbeli \u00e9s -jelen helyzetben fel\u00faj\u00edt\u00e1s alatt \u00e1ll\u00f3 \u00e9p\u00fclet- a j\u00f6v\u0151ben megval\u00f3sul\u00f3 \u00e9p\u00fclet bemutat\u00e1sa. A Zempl\u00e9n Telev\u00edzi\u00f3 m\u0171sor\u00e1ra t\u0171zte: 2022. 01.05-\u00e9n, majd m\u00e1snap az ism\u00e9tl\u00e9s\u00e9t is l\u00e1thatt\u00e1k az \u00e9rdekl\u0151d\u0151k a m\u0171sorfolyamban.<\/p>\n\n\n\n<figure class=\"wp-block-embed is-type-video is-provider-youtube wp-block-embed-youtube wp-embed-aspect-16-9 wp-has-aspect-ratio\"><div class=\"wp-block-embed__wrapper\">\n<iframe loading=\"lazy\" title=\"5   BORTEMPLOM\" width=\"604\" height=\"340\" src=\"https:\/\/www.youtube.com\/embed\/Q9EkO-Jh6lk?list=PLuDCCXwKpqt3cPG-XFGhQ5tGrtYGMeCmS\" frameborder=\"0\" allow=\"accelerometer; autoplay; clipboard-write; encrypted-media; gyroscope; picture-in-picture; web-share\" referrerpolicy=\"strict-origin-when-cross-origin\" allowfullscreen><\/iframe>\n<\/div><\/figure>\n\n\n\n<p><\/p>\n\n\n\n<p><\/p>\n\n\n\n<p><strong>Vas\u00fat\u00e1llom\u00e1s<\/strong><br>A magyar \u00c9szakkeleti Vas\u00fat ki\u00e9p\u00edt\u00e9s\u00e9nek t\u00f6rt\u00e9nete, illetve \u00edr\u00e1sos, t\u00f6rt\u00e9nelmi t\u00e9nyekkel al\u00e1t\u00e1masztott, val\u00f3s esem\u00e9nyek felkutat\u00e1sa az Orsz\u00e1gos Hadt\u00f6rt\u00e9neti Int\u00e9zetn\u00e9l nyilv\u00e1ntartott dokumentumok felhaszn\u00e1l\u00e1s\u00e1val t\u00f6rt\u00e9nt. A helyi lev\u00e9lt\u00e1rban szerepl\u0151 feljegyz\u00e9sek felkutat\u00e1sa ut\u00e1n, a nemzeti \u00e9rt\u00e9k r\u00f6vid, sz\u00f6veges bemutat\u00e1sa, egyedi jellemz\u0151i \u00e9s t\u00f6rt\u00e9nete. A forgat\u00e1shoz a helysz\u00ednen, k\u00fcl\u00f6n enged\u00e9lyre volt sz\u00fcks\u00e9g. A Zempl\u00e9n Telev\u00edzi\u00f3 m\u0171sor\u00e1ra t\u0171zte: 2021. 11.03-\u00e1n, majd m\u00e1snap az ism\u00e9tl\u00e9s\u00e9t is l\u00e1thatt\u00e1k az \u00e9rdekl\u0151d\u0151k a m\u0171sorfolyamban.<\/p>\n\n\n\n<figure class=\"wp-block-embed is-type-video is-provider-youtube wp-block-embed-youtube wp-embed-aspect-16-9 wp-has-aspect-ratio\"><div class=\"wp-block-embed__wrapper\">\n<iframe loading=\"lazy\" title=\"1   VAS\u00daT\u00c1LLOM\u00c1S\" width=\"604\" height=\"340\" src=\"https:\/\/www.youtube.com\/embed\/G8YjXzn-pRw?list=PLuDCCXwKpqt3cPG-XFGhQ5tGrtYGMeCmS\" frameborder=\"0\" allow=\"accelerometer; autoplay; clipboard-write; encrypted-media; gyroscope; picture-in-picture; web-share\" referrerpolicy=\"strict-origin-when-cross-origin\" allowfullscreen><\/iframe>\n<\/div><\/figure>\n\n\n\n<p><\/p>\n\n\n\n<p><\/p>\n\n\n\n<p><strong>Zs\u00f3lyomkai pincesor<\/strong><br>A telep\u00fcl\u00e9shez tartoz\u00f3 pincesor l\u00e9trej\u00f6tt\u00e9nek t\u00f6rt\u00e9nete, l\u00e9trehoz\u00f3i, a pinc\u00e9k bels\u0151 \u00e9s k\u00fcls\u0151 egybef\u00fcgg\u0151 \u00e1llapot\u00e1nak bemutat\u00e1sa, telep\u00fcl\u00e9s \u00e9let\u00e9ben jelenleg bet\u00f6lt\u00f6tt szerepe. A Zempl\u00e9n Telev\u00edzi\u00f3 m\u0171sor\u00e1ra t\u0171zte: 2021.11.17-\u00e9n, majd m\u00e1snap az ism\u00e9tl\u00e9s\u00e9t is l\u00e1thatt\u00e1k az \u00e9rdekl\u0151d\u0151k a m\u0171sorfolyamban.<\/p>\n\n\n\n<figure class=\"wp-block-embed is-type-video is-provider-youtube wp-block-embed-youtube wp-embed-aspect-16-9 wp-has-aspect-ratio\"><div class=\"wp-block-embed__wrapper\">\n<iframe loading=\"lazy\" title=\"2   ZS\u00d3LYOMKAI PINCESOR\" width=\"604\" height=\"340\" src=\"https:\/\/www.youtube.com\/embed\/oKR66VsgkUo?list=PLuDCCXwKpqt3cPG-XFGhQ5tGrtYGMeCmS\" frameborder=\"0\" allow=\"accelerometer; autoplay; clipboard-write; encrypted-media; gyroscope; picture-in-picture; web-share\" referrerpolicy=\"strict-origin-when-cross-origin\" allowfullscreen><\/iframe>\n<\/div><\/figure>\n\n\n\n<p><\/p>\n\n\n\n<p><\/p>\n\n\n\n<p><strong>R\u00f3mai katolikus pl\u00e9b\u00e1niatemplom<\/strong><\/p>\n\n\n\n<p>S\u00e1toralja\u00fajhely vall\u00e1si jelent\u0151s\u00e9g\u0171 \u00e9p\u00fclet\u00e9nek a t\u00f6rt\u00e9nelem sor\u00e1n bet\u00f6lt\u00f6tt, meghat\u00e1roz\u00f3<br>szerepe, a felekezethez tartoz\u00f3k vall\u00e1si t\u00f6ltekez\u00e9s\u00e9nek helysz\u00edne, jelent\u0151s\u00e9ge. Az egyh\u00e1zi<br>lev\u00e9lt\u00e1rban nyilv\u00e1ntartott dokumentumok felhaszn\u00e1l\u00e1s\u00e1val ker\u00fclt feldolgoz\u00e1sra. A<br>Zempl\u00e9n Telev\u00edzi\u00f3 m\u0171sor\u00e1ra t\u0171zte: 2021. 12.08-\u00e1n, majd m\u00e1snap az ism\u00e9tl\u00e9s\u00e9t is l\u00e1thatt\u00e1k<br>az \u00e9rdekl\u0151d\u0151k a m\u0171sorfolyamban.<\/p>\n\n\n\n<figure class=\"wp-block-embed is-type-video is-provider-youtube wp-block-embed-youtube wp-embed-aspect-16-9 wp-has-aspect-ratio\"><div class=\"wp-block-embed__wrapper\">\n<iframe loading=\"lazy\" title=\"3   S\u00c1TORALJA\u00daJHELYI  SZENT ISTV\u00c1N KIR\u00c1LY TEMPLOM\" width=\"604\" height=\"340\" src=\"https:\/\/www.youtube.com\/embed\/luUqiuo-2ag?list=PLuDCCXwKpqt3cPG-XFGhQ5tGrtYGMeCmS\" frameborder=\"0\" allow=\"accelerometer; autoplay; clipboard-write; encrypted-media; gyroscope; picture-in-picture; web-share\" referrerpolicy=\"strict-origin-when-cross-origin\" allowfullscreen><\/iframe>\n<\/div><\/figure>\n\n\n\n<p><\/p>\n\n\n\n<p><\/p>\n\n\n\n<p><\/p>\n\n\n\n<ul class=\"wp-block-list\">\n<li><strong>S\u00e1toralja\u00fajhelyi Reform\u00e1tus templom<\/strong><br>A Reform\u00e1tus templom egyh\u00e1zban bet\u00f6lt\u00f6tt szerepe, \u00e9p\u00edttet\u00e9s\u00e9nek t\u00f6rt\u00e9nete, a felekezet<br>\u00e9lete. Az egyh\u00e1zban nyilv\u00e1ntartott dokument\u00e1ci\u00f3k, \u00e9p\u00edt\u00e9si adatok alapj\u00e1n. Az \u00e9p\u00fcletben<br>tal\u00e1lhat\u00f3 kegyt\u00e1rgyak \u00e9s szimb\u00f3lumok \u00e9p\u00edt\u00e9szeti szerepe is megjelenik a feldolgoz\u00e1s sor\u00e1n.<br>A Zempl\u00e9n Telev\u00edzi\u00f3 m\u0171sor\u00e1ra t\u0171zte: 2022. 02.16-\u00e1n, majd m\u00e1snap az ism\u00e9tl\u00e9s\u00e9t is<br>l\u00e1thatt\u00e1k az \u00e9rdekl\u0151d\u0151k a m\u0171sorfolyamban.<\/li>\n\n\n\n<li><strong>S\u00e1toralja\u00fajhelyi V\u00e1rosh\u00e1za- az egykori Zempl\u00e9n V\u00e1rmegye sz\u00e9kh\u00e1za<\/strong><br>S\u00e1toralja\u00fajhely t\u00f6rt\u00e9nelmi jelent\u0151s\u00e9g\u0171 \u00e9p\u00fclet\u00e9nek bemutat\u00e1sa, egykori \u00e9s jelenlegi<br>funkci\u00f3ja, \u00e9p\u00edt\u00e9szeti jelent\u0151s\u00e9gfe, az \u00e9p\u00fclet bels\u0151 \u00e9s k\u00fcls\u0151 tereinek felv\u00e9tele, az egykori<br>szerep\u00e9re utal\u00f3 \u00e9p\u00edt\u00e9szeti elemek r\u00e9szletes bemutat\u00e1sa. Kiemelt, a telep\u00fcl\u00e9s\u00e9let\u00e9ben<br>bet\u00f6lt\u00f6tt jelenlegi szerepe. Zempl\u00e9n Telev\u00edzi\u00f3 m\u0171sor\u00e1ra t\u0171zte: 2022. 06.12-\u00e9n, majd<br>m\u00e1snap az ism\u00e9tl\u00e9s\u00e9t is l\u00e1thatt\u00e1k az \u00e9rdekl\u0151d\u0151k a m\u0171sorfolyamban.<\/li>\n<\/ul>\n\n\n\n<figure class=\"wp-block-embed is-type-video is-provider-youtube wp-block-embed-youtube wp-embed-aspect-16-9 wp-has-aspect-ratio\"><div class=\"wp-block-embed__wrapper\">\n<iframe loading=\"lazy\" title=\"7   S\u00c1TORALJA\u00daJHELYI REFORM\u00c1TUS TEMPLOM\" width=\"604\" height=\"340\" src=\"https:\/\/www.youtube.com\/embed\/UBChOl-tqF4?list=PLuDCCXwKpqt3cPG-XFGhQ5tGrtYGMeCmS\" frameborder=\"0\" allow=\"accelerometer; autoplay; clipboard-write; encrypted-media; gyroscope; picture-in-picture; web-share\" referrerpolicy=\"strict-origin-when-cross-origin\" allowfullscreen><\/iframe>\n<\/div><\/figure>\n\n\n\n<p><\/p>\n\n\n\n<p><strong>Latab\u00e1r Sz\u00ednh\u00e1z<\/strong><\/p>\n\n\n\n<p>Bemutatva a XIX. sz\u00e1zadi s\u00e1toralja\u00fajhelyi kultur\u00e1lis \u00e9letet, a sz\u00ednh\u00e1z l\u00e9trej\u00f6tt\u00e9nek t\u00f6rt\u00e9net\u00e9t. A v\u00e1rosban tal\u00e1lhat\u00f3 hivatalos feljegyz\u00e9sek, \u00fajs\u00e1gcikkek \u00e1ltal, valamint a korabeli irodalmi m\u0171vekben megjelen\u0151 feljegyz\u00e9sek ismeret\u00e9ben. Az \u00dajhelyi Lexikon \u00e9s a lev\u00e9lt\u00e1rban tal\u00e1lhat\u00f3 feljegyz\u00e9sek felkutat\u00e1s\u00e1val. A Zempl\u00e9n Telev\u00edzi\u00f3 m\u0171sor\u00e1ra t\u0171zte: 05.25-\u00e9n, majd m\u00e1snap az ism\u00e9tl\u00e9s\u00e9t is l\u00e1thatt\u00e1k az \u00e9rdekl\u0151d\u0151k a m\u0171sorfolyamban.<\/p>\n\n\n\n<figure class=\"wp-block-embed is-type-video is-provider-youtube wp-block-embed-youtube wp-embed-aspect-16-9 wp-has-aspect-ratio\"><div class=\"wp-block-embed__wrapper\">\n<iframe loading=\"lazy\" title=\"14   LATAB\u00c1R SZ\u00cdNH\u00c1Z\" width=\"604\" height=\"340\" src=\"https:\/\/www.youtube.com\/embed\/oe1CH1sLmuM?list=PLuDCCXwKpqt3cPG-XFGhQ5tGrtYGMeCmS\" frameborder=\"0\" allow=\"accelerometer; autoplay; clipboard-write; encrypted-media; gyroscope; picture-in-picture; web-share\" referrerpolicy=\"strict-origin-when-cross-origin\" allowfullscreen><\/iframe>\n<\/div><\/figure>\n\n\n\n<p><\/p>\n\n\n\n<p><\/p>\n\n\n\n<p><strong>P\u00e9nz\u00fcgyi Palota<\/strong><br>Az 1910- ben \u00e9p\u00fclt t\u00f6rt\u00e9nelmi jelent\u0151s\u00e9g\u0171 \u00e9p\u00fclet terveinek bemutat\u00e1sa, funkci\u00f3j\u00e1nak \u00e9s a v\u00e1ros gazdas\u00e1gi \u00e9let\u00e9ben bet\u00f6lt\u00f6tt szerep\u00e9nek ismertet\u00e9se. Az \u00e9p\u00edt\u00e9si tervek , a t\u00f6rt\u00e9neti  feljegyz\u00e9sek, a lev\u00e9lt\u00e1rban tal\u00e1lhat\u00f3 dokumentumok felkutat\u00e1sa. A Zempl\u00e9n Telev\u00edzi\u00f3 m\u0171sor\u00e1ra t\u0171zte: 2022. 04.21-\u00e9n, majd m\u00e1snap az ism\u00e9tl\u00e9s\u00e9t is l\u00e1thatt\u00e1k az \u00e9rdekl\u0151d\u0151k a m\u0171sorfolyamban.<\/p>\n\n\n\n<figure class=\"wp-block-embed is-type-video is-provider-youtube wp-block-embed-youtube wp-embed-aspect-16-9 wp-has-aspect-ratio\"><div class=\"wp-block-embed__wrapper\">\n<iframe loading=\"lazy\" title=\"12   P\u00c9NZ\u00dcGYI PALOTA\" width=\"604\" height=\"340\" src=\"https:\/\/www.youtube.com\/embed\/am0etFutArE?list=PLuDCCXwKpqt3cPG-XFGhQ5tGrtYGMeCmS\" frameborder=\"0\" allow=\"accelerometer; autoplay; clipboard-write; encrypted-media; gyroscope; picture-in-picture; web-share\" referrerpolicy=\"strict-origin-when-cross-origin\" allowfullscreen><\/iframe>\n<\/div><\/figure>\n\n\n\n<p><\/p>\n\n\n\n<p><\/p>\n\n\n\n<p><strong>R\u00e9gi t\u0171zolt\u00f3laktanya \u00e9p\u00fclete<\/strong><\/p>\n\n\n\n<p>Az \u00e9p\u00fclet a v\u00e1rosban bet\u00f6lt\u00f6tt rend\u00e9szeti szerepe, funkci\u00f3ja \u00e9s \u00e9p\u00edt\u00e9szeti jelent\u0151s\u00e9g\u00e9r\u0151l helyt\u00f6rt\u00e9n\u00e9sz seg\u00edts\u00e9g\u00e9vel gy\u0171jt\u00f6tt\u00fcnk adatot, k\u00e9sz\u00edtett\u00fcnk interj\u00fat. A Zempl\u00e9n Telev\u00edzi\u00f3 m\u0171sor\u00e1ra t\u0171zte: 2021. 12.22-\u00e9n, majd m\u00e1snap az ism\u00e9tl\u00e9s\u00e9t is l\u00e1thatt\u00e1k az \u00e9rdekl\u0151d\u0151k a<br>m\u0171sorfolyamban.<\/p>\n\n\n\n<figure class=\"wp-block-embed is-type-video is-provider-youtube wp-block-embed-youtube wp-embed-aspect-16-9 wp-has-aspect-ratio\"><div class=\"wp-block-embed__wrapper\">\n<iframe loading=\"lazy\" title=\"4   R\u00c9GI T\u0170ZOLT\u00d3LAKTANYA\" width=\"604\" height=\"340\" src=\"https:\/\/www.youtube.com\/embed\/6TjWfi3BJso?list=PLuDCCXwKpqt3cPG-XFGhQ5tGrtYGMeCmS\" frameborder=\"0\" allow=\"accelerometer; autoplay; clipboard-write; encrypted-media; gyroscope; picture-in-picture; web-share\" referrerpolicy=\"strict-origin-when-cross-origin\" allowfullscreen><\/iframe>\n<\/div><\/figure>\n\n\n\n<p><\/p>\n\n\n\n<p><strong>\u00c1rp\u00e1d-h\u00e1zi Szent Erzs\u00e9bet K\u00e1polna<\/strong><\/p>\n\n\n\n<p>A temet\u0151ben tal\u00e1lhat\u00f3, jeles s\u00e1toralja\u00fajhelyi szem\u00e9lyek \u00e9let\u00e9nek felkutat\u00e1sa a S\u00e1toralja\u00fahelyi Lexikon, Jeles s\u00edrhelyek a s\u00e1toralja\u00fajhelyi K\u00f6ztemet\u0151ben c\u00edm\u0171 pontos, dokument\u00e1lt feljegyz\u00e9sek felhaszn\u00e1l\u00e1s\u00e1val. A s\u00edrhelyen nyugv\u00f3 szem\u00e9lyek v\u00e1rosban bet\u00f6lt\u00f6tt szerep\u00e9r\u0151l \u00e9s a k\u00e1polna l\u00e9trej\u00f6tt\u00e9nek okai. A Zempl\u00e9n Telev\u00edzi\u00f3 m\u0171sor\u00e1ra t\u0171zte: 03.16-\u00e1n, majd m\u00e1snap az ism\u00e9tl\u00e9s\u00e9t is l\u00e1thatt\u00e1k az \u00e9rdekl\u0151d\u0151k a m\u0171sorfolyamban.<\/p>\n\n\n\n<ol start=\"2022\" class=\"wp-block-list\"><\/ol>\n\n\n\n<figure class=\"wp-block-embed is-type-video is-provider-youtube wp-block-embed-youtube wp-embed-aspect-16-9 wp-has-aspect-ratio\"><div class=\"wp-block-embed__wrapper\">\n<iframe loading=\"lazy\" title=\"8   \u00c1RP\u00c1DH\u00c1ZI SZENT ERZS\u00c9BET K\u00c1POLNA\" width=\"604\" height=\"340\" src=\"https:\/\/www.youtube.com\/embed\/xJYuoaCg9ao?list=PLuDCCXwKpqt3cPG-XFGhQ5tGrtYGMeCmS\" frameborder=\"0\" allow=\"accelerometer; autoplay; clipboard-write; encrypted-media; gyroscope; picture-in-picture; web-share\" referrerpolicy=\"strict-origin-when-cross-origin\" allowfullscreen><\/iframe>\n<\/div><\/figure>\n\n\n\n<p><\/p>\n\n\n\n<p><\/p>\n\n\n\n<p><strong>D\u00edszs\u00edrhelyek \u00e9s kript\u00e1k a s\u00e1toralja\u00fajhelyi K\u00f6ztemet\u0151ben<\/strong><\/p>\n\n\n\n<p>Jeles s\u00e1toralja\u00fajhelyi szem\u00e9lyek \u00e9let\u00e9nek, tev\u00e9kenys\u00e9g\u00fcknek a bemutat\u00e1sa a t\u00f6rt\u00e9nelmi<br>dokumentumok felhaszn\u00e1l\u00e1s\u00e1val t\u00f6rt\u00e9nt. Az \u00fajhelyi Lexikon, a Jeles s\u00edrhelyek a s\u00e1toralja\u00fajhelyi K\u00f6ztemet\u0151ben, a v\u00e1rosi \u00e9p\u00edt\u00e9szeti gy\u0171jtem\u00e9nyben szerepl\u0151 tervek \u00e9s dokumentumok felkutat\u00e1sa. Valamint helyt\u00f6rt\u00e9n\u00e9sz seg\u00edts\u00e9g\u00e9vel siker\u00fclt elk\u00e9sz\u00edteni a kisfilmet. A Zempl\u00e9n Telev\u00edzi\u00f3 m\u0171sor\u00e1ra t\u0171zte:  2022. 06.22-\u00e9n, majd m\u00e1snap az ism\u00e9tl\u00e9s\u00e9t is l\u00e1thatt\u00e1k az \u00e9rdekl\u0151d\u0151k a m\u0171sorfolyamban.<\/p>\n\n\n\n<figure class=\"wp-block-embed is-type-video is-provider-youtube wp-block-embed-youtube wp-embed-aspect-16-9 wp-has-aspect-ratio\"><div class=\"wp-block-embed__wrapper\">\n<iframe loading=\"lazy\" title=\"11   D\u00cdSZS\u00cdRHELYEK \u00c9S KRIPT\u00c1K\" width=\"604\" height=\"340\" src=\"https:\/\/www.youtube.com\/embed\/wELTeQIvBUA?list=PLuDCCXwKpqt3cPG-XFGhQ5tGrtYGMeCmS\" frameborder=\"0\" allow=\"accelerometer; autoplay; clipboard-write; encrypted-media; gyroscope; picture-in-picture; web-share\" referrerpolicy=\"strict-origin-when-cross-origin\" allowfullscreen><\/iframe>\n<\/div><\/figure>\n\n\n\n<p><\/p>\n\n\n\n<p><strong>S\u00e1toralja\u00fajhely kov\u00e1csoltvas erk\u00e9lyei<\/strong><br>A v\u00e1rost d\u00edsz\u00edt\u0151 erk\u00e9lyek l\u00e9trej\u00f6tt\u00e9nek, t\u00f6rt\u00e9nelmi, politikai \u00e9letben bet\u00f6lt\u00f6tt szerep\u00e9nek felkutat\u00e1sa. S\u00e1toralja\u00fajhely f\u0151ter\u00e9n \u00e9s s\u00e9t\u00e1l\u00f3 utc\u00e1j\u00e1n tal\u00e1lhat\u00f3 impoz\u00e1ns \u00e9s a v\u00e1rosra jellemz\u0151 arculatot meghat\u00e1roz\u00f3 erk\u00e9lyek filmbeli meg\u0151rz\u00e9se is \u00e9rt\u00e9kment\u0151 feladat azok k\u00fcl\u00f6nlegess\u00e9ge miatt. A Zempl\u00e9n Telev\u00edzi\u00f3 m\u0171sor\u00e1ra t\u0171zte: 2022. 01.18-\u00e1n, majd m\u00e1snap az ism\u00e9tl\u00e9s\u00e9t is l\u00e1thatt\u00e1k az \u00e9rdekl\u0151d\u0151k a m\u0171sorfolyamban.<\/p>\n\n\n\n<figure class=\"wp-block-embed is-type-video is-provider-youtube wp-block-embed-youtube wp-embed-aspect-16-9 wp-has-aspect-ratio\"><div class=\"wp-block-embed__wrapper\">\n<iframe loading=\"lazy\" title=\"15   S\u00c1TORALJA\u00daJHELY KOV\u00c1CSOLTVAS ERK\u00c9LYEI\" width=\"604\" height=\"340\" src=\"https:\/\/www.youtube.com\/embed\/EGlxI2KZxZI?list=PLuDCCXwKpqt3cPG-XFGhQ5tGrtYGMeCmS\" frameborder=\"0\" allow=\"accelerometer; autoplay; clipboard-write; encrypted-media; gyroscope; picture-in-picture; web-share\" referrerpolicy=\"strict-origin-when-cross-origin\" allowfullscreen><\/iframe>\n<\/div><\/figure>\n\n\n\n<p><\/p>\n\n\n\n<p><\/p>\n\n\n\n<ul class=\"wp-block-list\">\n<li><strong>Meczner-h\u00e1z<\/strong><br>Az \u00e9p\u00fclet lak\u00f3inak v\u00e1rosban bet\u00f6lt\u00f6tt szerepe, a h\u00e1z tervez\u0151je \u00e9s alkot\u00f3ja, jelent\u0151s\u00e9ge. A<br>Zempl\u00e9n Telev\u00edzi\u00f3 m\u0171sor\u00e1ra t\u0171zte: 2022. 01.19-\u00e9n, majd m\u00e1snap az ism\u00e9tl\u00e9s\u00e9t is l\u00e1thatt\u00e1k az \u00e9rdekl\u0151d\u0151k a m\u0171sorfolyamban.<\/li>\n\n\n\n<li><strong>K\u00e1rolyfalvi pincesor<\/strong><br>S\u00e1toralja\u00fajhelyhez tartoz\u00f3 telep\u00fcl\u00e9sr\u00e9sz lak\u00f3ink, tev\u00e9kenys\u00e9g\u00fcknek \u00e9s a bor\u00e1szatban<br>bet\u00f6lt\u00f6tt szerep\u00fck bemutat\u00e1sa, az egyed\u00fcl\u00e1ll\u00f3 pincesor k\u00fcl\u00f6nleges a t\u00f6rt\u00e9nelmi  esem\u00e9nyek sor\u00e1n bet\u00f6lt\u00f6tt szerepe. A telep\u00fcl\u00e9sen fennmaradt feljegyz\u00e9sek \u00e9s a sz\u00e1jhagyom\u00e1ny \u00fatj\u00e1n fennmaradt inform\u00e1ci\u00f3k alapj\u00e1n. A Zempl\u00e9n Telev\u00edzi\u00f3 m\u0171sor\u00e1ra t\u0171zte: 2022. 04.20-\u00e1n, majd m\u00e1snap az ism\u00e9tl\u00e9s\u00e9t is l\u00e1thatt\u00e1k az \u00e9rdekl\u0151d\u0151k a m\u0171sorfolyamban.<\/li>\n<\/ul>\n\n\n\n<figure class=\"wp-block-embed is-type-video is-provider-youtube wp-block-embed-youtube wp-embed-aspect-16-9 wp-has-aspect-ratio\"><div class=\"wp-block-embed__wrapper\">\n<iframe loading=\"lazy\" title=\"9   K\u00c1ROLYFALVI PINCESOR\" width=\"604\" height=\"340\" src=\"https:\/\/www.youtube.com\/embed\/9iobULbWq0w?list=PLuDCCXwKpqt3cPG-XFGhQ5tGrtYGMeCmS\" frameborder=\"0\" allow=\"accelerometer; autoplay; clipboard-write; encrypted-media; gyroscope; picture-in-picture; web-share\" referrerpolicy=\"strict-origin-when-cross-origin\" allowfullscreen><\/iframe>\n<\/div><\/figure>\n\n\n\n<p><\/p>\n\n\n\n<p><\/p>\n\n\n\n<p><\/p>\n\n\n\n<p><strong>Rudab\u00e1ny\u00e1cskai g\u00f6r\u00f6g katolikus templom<\/strong><br>A S\u00e1toralja\u00fajhelyhez tartoz\u00f3 telep\u00fcl\u00e9sen \u00e9l\u0151 kisebbs\u00e9gi, vall\u00e1si k\u00f6z\u00f6ss\u00e9g bemutat\u00e1sa, a<br>templom egyh\u00e1zi t\u00f6rt\u00e9nete, nevezetess\u00e9gei. Az egyh\u00e1z lev\u00e9lt\u00e1r\u00e1ban \u00e9s S\u00e1toralja\u00fajhely<br>Lev\u00e9lt\u00e1r\u00e1ban rendelkez\u00e9sre \u00e1ll\u00f3 \u00e9p\u00edt\u00e9si dokumentumok felhaszn\u00e1l\u00e1s\u00e1val k\u00e9sz\u00fclt el ennek<br>feldolgoz\u00e1sa. A Zempl\u00e9n Telev\u00edzi\u00f3 m\u0171sor\u00e1ra t\u0171zte: 2022. 05.18-\u00e1n, majd m\u00e1snap az<br>ism\u00e9tl\u00e9s\u00e9t is l\u00e1thatt\u00e1k az \u00e9rdekl\u0151d\u0151k a m\u0171sorfolyamban.<\/p>\n\n\n\n<figure class=\"wp-block-embed is-type-video is-provider-youtube wp-block-embed-youtube wp-embed-aspect-16-9 wp-has-aspect-ratio\"><div class=\"wp-block-embed__wrapper\">\n<iframe loading=\"lazy\" title=\"10  RUDAB\u00c1NY\u00c1CSKAI G\u00d6R\u00d6GKATOLIKUS TEMPLOM\" width=\"604\" height=\"340\" src=\"https:\/\/www.youtube.com\/embed\/Kbw6ClJVXiI?list=PLuDCCXwKpqt3cPG-XFGhQ5tGrtYGMeCmS\" frameborder=\"0\" allow=\"accelerometer; autoplay; clipboard-write; encrypted-media; gyroscope; picture-in-picture; web-share\" referrerpolicy=\"strict-origin-when-cross-origin\" allowfullscreen><\/iframe>\n<\/div><\/figure>\n","protected":false},"excerpt":{"rendered":"<p>Bortemplom-Magyar Kir\u00e1lyi \u00c1llami K\u00f6zpinceAz \u00e9p\u00fclet bemutat\u00e1sa a Telep\u00fcl\u00e9si \u00c9rt\u00e9kt\u00e1rban szerepl\u0151 adatok \u00e9s a v\u00e1rosban \u00e9l\u0151 t\u00f6rt\u00e9n\u00e9szek, a v\u00e1rosi f\u0151\u00e9p\u00edt\u00e9sz r\u00e9sz\u00e9r\u0151l az \u00e9p\u00fclet eredeti tervrajza, valamint a telep\u00fcl\u00e9sen \u00e9l\u0151 hagyom\u00e1ny \u00fatj\u00e1n megmaradt elbesz\u00e9l\u00e9sek, besz\u00e1mol\u00f3ja alapj\u00e1n t\u00f6rt\u00e9nt. A m\u00faltbeli \u00e9s -jelen helyzetben fel\u00faj\u00edt\u00e1s alatt \u00e1ll\u00f3 \u00e9p\u00fclet- a j\u00f6v\u0151ben megval\u00f3sul\u00f3 \u00e9p\u00fclet bemutat\u00e1sa. A Zempl\u00e9n Telev\u00edzi\u00f3 m\u0171sor\u00e1ra t\u0171zte: 2022. &hellip; <a href=\"https:\/\/fenyesertekeink.hu\/?page_id=2\" class=\"more-link\"><span class=\"screen-reader-text\">F\u00e9nyes \u00e9rt\u00e9keink &#8211; \u00c9rt\u00e9kt\u00e1r<\/span> b\u0151vebben&#8230; <span class=\"meta-nav\">&rarr;<\/span><\/a><\/p>\n","protected":false},"author":1,"featured_media":0,"parent":0,"menu_order":0,"comment_status":"closed","ping_status":"open","template":"","meta":{"footnotes":""},"class_list":["post-2","page","type-page","status-publish","hentry"],"_links":{"self":[{"href":"https:\/\/fenyesertekeink.hu\/index.php?rest_route=\/wp\/v2\/pages\/2","targetHints":{"allow":["GET"]}}],"collection":[{"href":"https:\/\/fenyesertekeink.hu\/index.php?rest_route=\/wp\/v2\/pages"}],"about":[{"href":"https:\/\/fenyesertekeink.hu\/index.php?rest_route=\/wp\/v2\/types\/page"}],"author":[{"embeddable":true,"href":"https:\/\/fenyesertekeink.hu\/index.php?rest_route=\/wp\/v2\/users\/1"}],"replies":[{"embeddable":true,"href":"https:\/\/fenyesertekeink.hu\/index.php?rest_route=%2Fwp%2Fv2%2Fcomments&post=2"}],"version-history":[{"count":9,"href":"https:\/\/fenyesertekeink.hu\/index.php?rest_route=\/wp\/v2\/pages\/2\/revisions"}],"predecessor-version":[{"id":35,"href":"https:\/\/fenyesertekeink.hu\/index.php?rest_route=\/wp\/v2\/pages\/2\/revisions\/35"}],"wp:attachment":[{"href":"https:\/\/fenyesertekeink.hu\/index.php?rest_route=%2Fwp%2Fv2%2Fmedia&parent=2"}],"curies":[{"name":"wp","href":"https:\/\/api.w.org\/{rel}","templated":true}]}}